{"id":261072,"date":"2025-03-21T16:50:57","date_gmt":"2025-03-21T16:50:57","guid":{"rendered":"https:\/\/corinaele.com\/blog\/"},"modified":"2025-03-27T11:38:19","modified_gmt":"2025-03-27T11:38:19","slug":"blog","status":"publish","type":"page","link":"https:\/\/corinaele.com\/de\/blog\/","title":{"rendered":"Blog"},"content":{"rendered":"<p>[et_pb_section fb_built=&#8220;1&#8243; _builder_version=&#8220;4.27.4&#8243; _module_preset=&#8220;default&#8220; background_color=&#8220;#C5CED7&#8243; background_enable_image=&#8220;off&#8220; background_size=&#8220;initial&#8220; background_position=&#8220;center_left&#8220; custom_padding=&#8220;0px||0px||true|false&#8220; global_colors_info=&#8220;{%22gcid-77cac542-5d8b-49cc-a7ee-2a084150afcc%22:%91%22background_color%22%93}&#8220;][et_pb_row column_structure=&#8220;1_2,1_2&#8243; make_equal=&#8220;on&#8220; _builder_version=&#8220;4.18.0&#8243; _module_preset=&#8220;default&#8220; width=&#8220;100%&#8220; max_width=&#8220;100%&#8220; custom_padding=&#8220;0px||0px||true|false&#8220; global_colors_info=&#8220;{}&#8220;][et_pb_column type=&#8220;1_2&#8243; _builder_version=&#8220;4.18.0&#8243; _module_preset=&#8220;default&#8220; background_color=&#8220;gcid-607914a3-c41a-4c2b-b049-2b6741356977&#8243; background_enable_image=&#8220;off&#8220; custom_padding=&#8220;75px|75px|40px|75px|false|true&#8220; custom_padding_tablet=&#8220;75px|75px|75px|75px|true|true&#8220; custom_padding_phone=&#8220;35px|35px|35px|35px|true|true&#8220; custom_padding_last_edited=&#8220;on|phone&#8220; global_colors_info=&#8220;{%22gcid-607914a3-c41a-4c2b-b049-2b6741356977%22:%91%22background_color%22%93}&#8220;][et_pb_image src=&#8220;http:\/\/corinaele.com\/wp-content\/uploads\/2025\/02\/Profesores-nativos-de-espanol-en-Austria.jpg&#8220; title_text=&#8220;Native-Spanish-Teachers-in-Austria&#8220; align=&#8220;right&#8220; module_class=&#8220;hero-image&#8220; _builder_version=&#8220;4.27.4&#8243; _module_preset=&#8220;default&#8220; z_index=&#8220;2&#8243; width=&#8220;400px&#8220; width_tablet=&#8220;100%&#8220; width_phone=&#8220;&#8220; width_last_edited=&#8220;on|phone&#8220; custom_margin_tablet=&#8220;|0px||0px|false|false&#8220; custom_margin_phone=&#8220;|0px||0px|false|false&#8220; custom_margin_last_edited=&#8220;on|phone&#8220; animation_style=&#8220;slide&#8220; animation_direction=&#8220;right&#8220; animation_intensity_slide=&#8220;15%&#8220; animation_starting_opacity=&#8220;100%&#8220; border_width_all=&#8220;10px&#8220; border_color_all=&#8220;#FFFFFF&#8220; box_shadow_style=&#8220;preset1&#8243; box_shadow_blur=&#8220;35px&#8220; box_shadow_color=&#8220;rgba(0,0,0,0.2)&#8220; global_colors_info=&#8220;{}&#8220;][\/et_pb_image][et_pb_image src=&#8220;http:\/\/corinaele.com\/wp-content\/uploads\/2025\/02\/Estudiar-espanol-en-Alemania-y-Austria.jpg&#8220; title_text=&#8220;Spanisch lernen in Deutschland und \u00d6sterreich&#8220; align=&#8220;right&#8220; disabled_on=&#8220;on|on|off&#8220; module_class=&#8220;hero-image&#8220; _builder_version=&#8220;4.27.4&#8243; _module_preset=&#8220;default&#8220; positioning=&#8220;absolute&#8220; position_origin_a=&#8220;bottom_right&#8220; vertical_offset=&#8220;-46px&#8220; horizontal_offset=&#8220;388px&#8220; width=&#8220;35%&#8220; custom_margin_tablet=&#8220;|0px||0px|false|false&#8220; custom_margin_phone=&#8220;|0px||0px|false|false&#8220; custom_margin_last_edited=&#8220;on|tablet&#8220; animation_style=&#8220;slide&#8220; animation_direction=&#8220;left&#8220; animation_intensity_slide=&#8220;15%&#8220; animation_starting_opacity=&#8220;100%&#8220; border_width_all=&#8220;10px&#8220; border_color_all=&#8220;#FFFFFF&#8220; box_shadow_style=&#8220;preset1&#8243; box_shadow_blur=&#8220;35px&#8220; box_shadow_color=&#8220;rgba(0,0,0,0.2)&#8220; global_colors_info=&#8220;{}&#8220;][\/et_pb_image][\/et_pb_column][et_pb_column type=&#8220;1_2&#8243; module_class=&#8220;hero-column-2&#8243; _builder_version=&#8220;4.18.0&#8243; _module_preset=&#8220;default&#8220; custom_padding=&#8220;120px||100px||false|false&#8220; custom_padding_tablet=&#8220;75px|75px|75px|75px|false|false&#8220; custom_padding_phone=&#8220;35px|35px|35px|35px|false|false&#8220; custom_padding_last_edited=&#8220;on|desktop&#8220; global_colors_info=&#8220;{}&#8220;][et_pb_text module_class=&#8220;clara-title title-desc-600&#8243; _builder_version=&#8220;4.27.4&#8243; _module_preset=&#8220;default&#8220; header_font=&#8220;Poppins||||||||&#8220; header_font_size=&#8220;46px&#8220; width=&#8220;600px&#8220; width_tablet=&#8220;100%&#8220; width_phone=&#8220;100%&#8220; width_last_edited=&#8220;on|tablet&#8220; custom_margin=&#8220;||29px|||&#8220; header_font_size_tablet=&#8220;&#8220; header_font_size_phone=&#8220;28px&#8220; header_font_size_last_edited=&#8220;on|phone&#8220; global_colors_info=&#8220;{}&#8220;]<\/p>\n<h1>Blog<\/h1>\n<p>[\/et_pb_text][et_pb_text module_class=&#8220;title-desc-600&#8243; _builder_version=&#8220;4.27.4&#8243; _module_preset=&#8220;default&#8220; text_font=&#8220;Poppins|300|||||||&#8220; text_font_size=&#8220;19px&#8220; width=&#8220;600px&#8220; width_tablet=&#8220;100%&#8220; width_phone=&#8220;100%&#8220; width_last_edited=&#8220;on|tablet&#8220; global_colors_info=&#8220;{}&#8220;]<\/p>\n<p><span>Willkommen auf meinem Blog zum Spanischlernen. Hier findest du Tipps, Ressourcen und praktische Artikel, um dein Spanisch auf effektive und unterhaltsame Weise zu verbessern. Egal, ob du deine Gespr\u00e4chsf\u00fchrung verbessern oder die hispanische Kultur entdecken m\u00f6chtest, meine Beitr\u00e4ge helfen dir, in deinem eigenen Tempo zu lernen. Beginne, dich ab dem ersten Tag mit Spanisch zu verbinden!<\/span><\/p>\n<p>[\/et_pb_text][\/et_pb_column][\/et_pb_row][\/et_pb_section][et_pb_section fb_built=&#8220;1&#8243; _builder_version=&#8220;4.16&#8243; custom_padding=&#8220;90px||60px||false|&#8220; global_colors_info=&#8220;{}&#8220;][et_pb_row use_custom_gutter=&#8220;on&#8220; gutter_width=&#8220;2&#8243; make_equal=&#8220;on&#8220; _builder_version=&#8220;4.16&#8243; width=&#8220;92%&#8220; width_tablet=&#8220;90%&#8220; width_phone=&#8220;90%&#8220; width_last_edited=&#8220;on|phone&#8220; max_width=&#8220;1280px&#8220; max_width_tablet=&#8220;90%&#8220; max_width_phone=&#8220;90%&#8220; max_width_last_edited=&#8220;on|tablet&#8220; animation_style=&#8220;fade&#8220; animation_duration=&#8220;1400ms&#8220; animation_delay=&#8220;500ms&#8220; global_colors_info=&#8220;{}&#8220;][et_pb_column type=&#8220;4_4&#8243; _builder_version=&#8220;4.16&#8243; global_colors_info=&#8220;{}&#8220;][et_pb_text _builder_version=&#8220;4.27.4&#8243; text_font=&#8220;Yesteryear||||||||&#8220; text_text_color=&#8220;#D98C9A&#8220; text_font_size=&#8220;30px&#8220; text_line_height=&#8220;1em&#8220; text_orientation=&#8220;center&#8220; text_text_align=&#8220;center&#8220; global_colors_info=&#8220;{}&#8220;]<\/p>\n<p>Blog<\/p>\n<p>[\/et_pb_text][et_pb_text _builder_version=&#8220;4.27.4&#8243; header_font=&#8220;Poppins|600|||||||&#8220; header_text_align=&#8220;center&#8220; header_text_color=&#8220;#2f3030&#8243; header_font_size=&#8220;50px&#8220; header_line_height=&#8220;1.3em&#8220; custom_margin=&#8220;-8px||||false|false&#8220; custom_margin_tablet=&#8220;-18px||||false|false&#8220; custom_margin_phone=&#8220;-18px||||false|false&#8220; custom_margin_last_edited=&#8220;on|desktop&#8220; header_font_size_tablet=&#8220;&#8220; header_font_size_phone=&#8220;30px&#8220; header_font_size_last_edited=&#8220;on|desktop&#8220; global_colors_info=&#8220;{}&#8220;]<\/p>\n<h1>Neueste Blog-Beitr\u00e4ge <\/h1>\n<p>[\/et_pb_text][\/et_pb_column][\/et_pb_row][et_pb_row use_custom_gutter=&#8220;on&#8220; gutter_width=&#8220;2&#8243; make_equal=&#8220;on&#8220; _builder_version=&#8220;4.16&#8243; width=&#8220;92%&#8220; width_tablet=&#8220;90%&#8220; width_phone=&#8220;90%&#8220; width_last_edited=&#8220;on|phone&#8220; max_width=&#8220;1280px&#8220; max_width_tablet=&#8220;90%&#8220; max_width_phone=&#8220;90%&#8220; max_width_last_edited=&#8220;on|tablet&#8220; custom_padding=&#8220;15px||0px|||&#8220; animation_style=&#8220;fade&#8220; animation_duration=&#8220;1400ms&#8220; animation_delay=&#8220;500ms&#8220; global_colors_info=&#8220;{}&#8220;][et_pb_column type=&#8220;4_4&#8243; _builder_version=&#8220;4.16&#8243; global_colors_info=&#8220;{}&#8220;][et_pb_blog fullwidth=&#8220;off&#8220; posts_number=&#8220;9&#8243; include_categories=&#8220;277&#8243; excerpt_length=&#8220;90&#8243; show_more=&#8220;on&#8220; show_author=&#8220;off&#8220; show_date=&#8220;off&#8220; show_categories=&#8220;off&#8220; show_pagination=&#8220;off&#8220; _builder_version=&#8220;4.27.4&#8243; header_font=&#8220;Poppins|600|||||||&#8220; header_text_align=&#8220;center&#8220; header_text_color=&#8220;#2f3030&#8243; header_font_size=&#8220;20px&#8220; header_line_height=&#8220;1.4em&#8220; body_font=&#8220;Poppins||||||||&#8220; body_text_align=&#8220;center&#8220; body_text_color=&#8220;#707171&#8243; body_font_size=&#8220;15px&#8220; body_line_height=&#8220;1.8em&#8220; read_more_font=&#8220;Poppins|700||on|||||&#8220; read_more_text_color=&#8220;#D98C9A&#8220; read_more_font_size=&#8220;16px&#8220; read_more_line_height=&#8220;3.6em&#8220; border_width_all=&#8220;0px&#8220; global_colors_info=&#8220;{}&#8220; header_text_color__hover_enabled=&#8220;on|hover&#8220; header_text_color__hover=&#8220;#D98C9A&#8220; read_more_text_color__hover_enabled=&#8220;off|desktop&#8220; read_more_text_color__hover=&#8220;#7fb98d&#8220;][\/et_pb_blog][\/et_pb_column][\/et_pb_row][\/et_pb_section]<\/p>\n","protected":false},"excerpt":{"rendered":"<p>BlogWillkommen auf meinem Blog zum Spanischlernen. Hier findest du Tipps, Ressourcen und praktische Artikel, um dein Spanisch auf effektive und unterhaltsame Weise zu verbessern. Egal, ob du deine Gespr\u00e4chsf\u00fchrung verbessern oder die hispanische Kultur entdecken m\u00f6chtest, meine Beitr\u00e4ge helfen dir, in deinem eigenen Tempo zu lernen. Beginne, dich ab dem ersten Tag mit Spanisch zu [&hellip;]<\/p>\n","protected":false},"author":1,"featured_media":0,"parent":0,"menu_order":0,"comment_status":"closed","ping_status":"closed","template":"","meta":{"_et_pb_use_builder":"on","_et_pb_old_content":"","_et_gb_content_width":"","footnotes":""},"class_list":["post-261072","page","type-page","status-publish","hentry"],"aioseo_notices":[],"_links":{"self":[{"href":"https:\/\/corinaele.com\/de\/wp-json\/wp\/v2\/pages\/261072","targetHints":{"allow":["GET"]}}],"collection":[{"href":"https:\/\/corinaele.com\/de\/wp-json\/wp\/v2\/pages"}],"about":[{"href":"https:\/\/corinaele.com\/de\/wp-json\/wp\/v2\/types\/page"}],"author":[{"embeddable":true,"href":"https:\/\/corinaele.com\/de\/wp-json\/wp\/v2\/users\/1"}],"replies":[{"embeddable":true,"href":"https:\/\/corinaele.com\/de\/wp-json\/wp\/v2\/comments?post=261072"}],"version-history":[{"count":3,"href":"https:\/\/corinaele.com\/de\/wp-json\/wp\/v2\/pages\/261072\/revisions"}],"predecessor-version":[{"id":261210,"href":"https:\/\/corinaele.com\/de\/wp-json\/wp\/v2\/pages\/261072\/revisions\/261210"}],"wp:attachment":[{"href":"https:\/\/corinaele.com\/de\/wp-json\/wp\/v2\/media?parent=261072"}],"curies":[{"name":"wp","href":"https:\/\/api.w.org\/{rel}","templated":true}]}}