{"id":261241,"date":"2025-02-18T10:33:02","date_gmt":"2025-02-18T10:33:02","guid":{"rendered":"https:\/\/corinaele.com\/impressum\/"},"modified":"2025-03-27T17:10:27","modified_gmt":"2025-03-27T17:10:27","slug":"impressum","status":"publish","type":"page","link":"https:\/\/corinaele.com\/de\/impressum\/","title":{"rendered":"Impressum"},"content":{"rendered":"<p>[et_pb_section fb_built=&#8220;1&#8243; module_id=&#8220;uber-mich&#8220; _builder_version=&#8220;4.27.4&#8243; custom_padding=&#8220;48px||48px||true|&#8220; global_colors_info=&#8220;{}&#8220;][et_pb_row use_custom_gutter=&#8220;on&#8220; gutter_width=&#8220;2&#8243; make_equal=&#8220;on&#8220; _builder_version=&#8220;4.16&#8243; width=&#8220;92%&#8220; width_tablet=&#8220;90%&#8220; width_phone=&#8220;90%&#8220; width_last_edited=&#8220;on|phone&#8220; max_width=&#8220;1280px&#8220; max_width_tablet=&#8220;90%&#8220; max_width_phone=&#8220;90%&#8220; max_width_last_edited=&#8220;on|tablet&#8220; animation_style=&#8220;fade&#8220; animation_duration=&#8220;1400ms&#8220; animation_delay=&#8220;500ms&#8220; global_colors_info=&#8220;{}&#8220;][et_pb_column type=&#8220;4_4&#8243; _builder_version=&#8220;4.16&#8243; global_colors_info=&#8220;{}&#8220;][et_pb_text _builder_version=&#8220;4.27.4&#8243; text_font=&#8220;Yesteryear||||||||&#8220; text_text_color=&#8220;#D98C9A&#8220; text_font_size=&#8220;30px&#8220; text_line_height=&#8220;1em&#8220; text_orientation=&#8220;center&#8220; text_text_align=&#8220;center&#8220; global_colors_info=&#8220;{}&#8220;]<\/p>\n<p>Corinaele.com<\/p>\n<p>[\/et_pb_text][et_pb_text _builder_version=&#8220;4.27.4&#8243; header_font=&#8220;Poppins|600|||||||&#8220; header_text_align=&#8220;center&#8220; header_text_color=&#8220;#2f3030&#8243; header_font_size=&#8220;50px&#8220; header_line_height=&#8220;1.3em&#8220; custom_margin=&#8220;-12px||||false|false&#8220; custom_margin_tablet=&#8220;-22px||||false|false&#8220; custom_margin_phone=&#8220;-18px||||false|false&#8220; custom_margin_last_edited=&#8220;on|phone&#8220; header_font_size_tablet=&#8220;&#8220; header_font_size_phone=&#8220;30px&#8220; header_font_size_last_edited=&#8220;on|phone&#8220; global_colors_info=&#8220;{}&#8220;]<\/p>\n<h1>Impressum<\/h1>\n<p>[\/et_pb_text][et_pb_text _builder_version=&#8220;4.27.4&#8243; _module_preset=&#8220;default&#8220; text_font=&#8220;Assistant||||||||&#8220; text_font_size=&#8220;19px&#8220; text_line_height=&#8220;1.9em&#8220; link_font=&#8220;Assistant||||||||&#8220; link_text_color=&#8220;#D98C9A&#8220; header_font=&#8220;Assistant||||||||&#8220; header_text_color=&#8220;#2E2E2E&#8220; header_line_height=&#8220;1.9em&#8220; hover_enabled=&#8220;0&#8243; global_colors_info=&#8220;{}&#8220; sticky_enabled=&#8220;0&#8243;]<\/p>\n<h1>Impressum<\/h1>\n<p>Corina Bufano<br \/>Spanischlehrerin<br \/>Hans &#8211; Unterm\u00fcller &#8211; Stra\u00dfe 13<br \/>Geb\u00e4ude 44<br \/>6020 Innsbruck<\/p>\n<h2>Kontakt<\/h2>\n<p>Telefon: +49 (0) 123 44 55 66<br \/>Telefax: +49 (0) 123 44 55 99<br \/>E-Mail: info@corinaele.com<\/p>\n<h2>Umsatzsteuer-ID<\/h2>\n<p>Umsatzsteuer-Identifikationsnummer gem\u00e4\u00df \u00a7 27 a Umsatzsteuergesetz:<br \/>DE999999999<\/p>\n<h2>Verbraucher\u00adstreit\u00adbeilegung\/Universal\u00adschlichtungs\u00adstelle<\/h2>\n<p>Wir sind nicht bereit oder verpflichtet, an Streitbeilegungsverfahren vor einer Verbraucherschlichtungsstelle teilzunehmen.<\/p>\n<p>Quelle: <a href=\"https:\/\/www.e-recht24.de\">eRecht24<\/a><\/p>\n<p><span>Website Design: <a href=\"https:\/\/carlatorrez.com\">Carla Torrez<\/a><\/span><\/p>\n<p>[\/et_pb_text][\/et_pb_column][\/et_pb_row][\/et_pb_section]<\/p>\n","protected":false},"excerpt":{"rendered":"<p>Corinaele.comImpressumImpressum Corina BufanoSpanischlehrerinHans &#8211; Unterm\u00fcller &#8211; Stra\u00dfe 13Geb\u00e4ude 446020 Innsbruck Kontakt Telefon: +49 (0) 123 44 55 66Telefax: +49 (0) 123 44 55 99E-Mail: info@corinaele.com Umsatzsteuer-ID Umsatzsteuer-Identifikationsnummer gem\u00e4\u00df \u00a7 27 a Umsatzsteuergesetz:DE999999999 Verbraucher\u00adstreit\u00adbeilegung\/Universal\u00adschlichtungs\u00adstelle Wir sind nicht bereit oder verpflichtet, an Streitbeilegungsverfahren vor einer Verbraucherschlichtungsstelle teilzunehmen. Quelle: eRecht24 Website Design: Carla Torrez<\/p>\n","protected":false},"author":1,"featured_media":0,"parent":0,"menu_order":0,"comment_status":"closed","ping_status":"open","template":"","meta":{"_et_pb_use_builder":"on","_et_pb_old_content":"","_et_gb_content_width":"","footnotes":""},"class_list":["post-261241","page","type-page","status-publish","hentry"],"aioseo_notices":[],"_links":{"self":[{"href":"https:\/\/corinaele.com\/de\/wp-json\/wp\/v2\/pages\/261241","targetHints":{"allow":["GET"]}}],"collection":[{"href":"https:\/\/corinaele.com\/de\/wp-json\/wp\/v2\/pages"}],"about":[{"href":"https:\/\/corinaele.com\/de\/wp-json\/wp\/v2\/types\/page"}],"author":[{"embeddable":true,"href":"https:\/\/corinaele.com\/de\/wp-json\/wp\/v2\/users\/1"}],"replies":[{"embeddable":true,"href":"https:\/\/corinaele.com\/de\/wp-json\/wp\/v2\/comments?post=261241"}],"version-history":[{"count":3,"href":"https:\/\/corinaele.com\/de\/wp-json\/wp\/v2\/pages\/261241\/revisions"}],"predecessor-version":[{"id":261368,"href":"https:\/\/corinaele.com\/de\/wp-json\/wp\/v2\/pages\/261241\/revisions\/261368"}],"wp:attachment":[{"href":"https:\/\/corinaele.com\/de\/wp-json\/wp\/v2\/media?parent=261241"}],"curies":[{"name":"wp","href":"https:\/\/api.w.org\/{rel}","templated":true}]}}