{"id":261238,"date":"2025-02-18T10:33:02","date_gmt":"2025-02-18T10:33:02","guid":{"rendered":"https:\/\/corinaele.com\/impressum\/"},"modified":"2025-03-27T17:09:13","modified_gmt":"2025-03-27T17:09:13","slug":"impressum","status":"publish","type":"page","link":"https:\/\/corinaele.com\/en\/impressum\/","title":{"rendered":"Impressum"},"content":{"rendered":"<p>[et_pb_section fb_built=&#8221;1&#8243; module_id=&#8221;about-me&#8221; _builder_version=&#8221;4.27.4&#8243; custom_padding=&#8221;48px||48px||true|&#8221; global_colors_info=&#8221;{}&#8221;][et_pb_row use_custom_gutter=&#8221;on&#8221; gutter_width=&#8221;2&#8243; make_equal=&#8221;on&#8221; _builder_version=&#8221;4.16&#8243; width=&#8221;92%&#8221; width_tablet=&#8221;90%&#8221; width_phone=&#8221;90%&#8221; width_last_edited=&#8221;on|phone&#8221; max_width=&#8221;1280px&#8221; max_width_tablet=&#8221;90%&#8221; max_width_phone=&#8221;90%&#8221; max_width_last_edited=&#8221;on|tablet&#8221; animation_style=&#8221;fade&#8221; animation_duration=&#8221;1400ms&#8221; animation_delay=&#8221;500ms&#8221; global_colors_info=&#8221;{}&#8221;][et_pb_column type=&#8221;4_4&#8243; _builder_version=&#8221;4.16&#8243; global_colors_info=&#8221;{}&#8221;][et_pb_text _builder_version=&#8221;4.27.4&#8243; text_font=&#8221;Yesteryear||||||||&#8221; text_text_color=&#8221;#D98C9A&#8221; text_font_size=&#8221;30px&#8221; text_line_height=&#8221;1em&#8221; text_orientation=&#8221;center&#8221; text_text_align=&#8221;center&#8221; global_colors_info=&#8221;{}&#8221;]<\/p>\n<p>Corinaele.com<\/p>\n<p>[\/et_pb_text][et_pb_text _builder_version=&#8221;4.27.4&#8243; header_font=&#8221;Poppins|600|||||||&#8221; header_text_align=&#8221;center&#8221; header_text_color=&#8221;#2f3030&#8243; header_font_size=&#8221;50px&#8221; header_line_height=&#8221;1.3em&#8221; custom_margin=&#8221;-12px||||false|false&#8221; custom_margin_tablet=&#8221;-22px||||false|false&#8221; custom_margin_phone=&#8221;-18px||||false|false&#8221; custom_margin_last_edited=&#8221;on|phone&#8221; header_font_size_tablet=&#8221;&#8221; header_font_size_phone=&#8221;30px&#8221; header_font_size_last_edited=&#8221;on|phone&#8221; global_colors_info=&#8221;{}&#8221;]<\/p>\n<h1>Impressum<\/h1>\n<p>[\/et_pb_text][et_pb_text _builder_version=&#8221;4.27.4&#8243; _module_preset=&#8221;default&#8221; text_font=&#8221;Assistant||||||||&#8221; text_font_size=&#8221;19px&#8221; text_line_height=&#8221;1.9em&#8221; link_font=&#8221;Assistant||||||||&#8221; link_text_color=&#8221;#D98C9A&#8221; header_font=&#8221;Assistant||||||||&#8221; header_text_color=&#8221;#2E2E2E&#8221; header_line_height=&#8221;1.9em&#8221; hover_enabled=&#8221;0&#8243; global_colors_info=&#8221;{}&#8221; sticky_enabled=&#8221;0&#8243;]<\/p>\n<h1>Impressum<\/h1>\n<p>Corina Bufano<br \/>Spanischlehrerin<br \/>Hans &#8211; Unterm\u00fcller &#8211; Stra\u00dfe 13<br \/>Geb\u00e4ude 44<br \/>6020 Innsbruck<\/p>\n<h2>Kontakt<\/h2>\n<p>Telefon: +49 (0) 123 44 55 66<br \/>Telefax: +49 (0) 123 44 55 99<br \/>E-Mail: info@corinaele.com<\/p>\n<h2>Umsatzsteuer-ID<\/h2>\n<p>Umsatzsteuer-Identifikationsnummer gem\u00e4\u00df \u00a7 27 a Umsatzsteuergesetz:<br \/>DE999999999<\/p>\n<h2>Verbraucher\u00adstreit\u00adbeilegung\/Universal\u00adschlichtungs\u00adstelle<\/h2>\n<p>Wir sind nicht bereit oder verpflichtet, an Streitbeilegungsverfahren vor einer Verbraucherschlichtungsstelle teilzunehmen.<\/p>\n<p>Quelle: <a href=\"https:\/\/www.e-recht24.de\">eRecht24<\/a><\/p>\n<p><span>Website Design: <a href=\"https:\/\/carlatorrez.com\">Carla Torrez<\/a><\/span><\/p>\n<p>[\/et_pb_text][\/et_pb_column][\/et_pb_row][\/et_pb_section]<\/p>\n","protected":false},"excerpt":{"rendered":"<p>Corinaele.comImpressumImpressum Corina BufanoSpanischlehrerinHans &#8211; Unterm\u00fcller &#8211; Stra\u00dfe 13Geb\u00e4ude 446020 Innsbruck Kontakt Telefon: +49 (0) 123 44 55 66Telefax: +49 (0) 123 44 55 99E-Mail: info@corinaele.com Umsatzsteuer-ID Umsatzsteuer-Identifikationsnummer gem\u00e4\u00df \u00a7 27 a Umsatzsteuergesetz:DE999999999 Verbraucher\u00adstreit\u00adbeilegung\/Universal\u00adschlichtungs\u00adstelle Wir sind nicht bereit oder verpflichtet, an Streitbeilegungsverfahren vor einer Verbraucherschlichtungsstelle teilzunehmen. Quelle: eRecht24 Website Design: Carla Torrez<\/p>\n","protected":false},"author":1,"featured_media":0,"parent":0,"menu_order":0,"comment_status":"closed","ping_status":"open","template":"","meta":{"_et_pb_use_builder":"on","_et_pb_old_content":"","_et_gb_content_width":"","footnotes":""},"class_list":["post-261238","page","type-page","status-publish","hentry"],"aioseo_notices":[],"_links":{"self":[{"href":"https:\/\/corinaele.com\/en\/wp-json\/wp\/v2\/pages\/261238","targetHints":{"allow":["GET"]}}],"collection":[{"href":"https:\/\/corinaele.com\/en\/wp-json\/wp\/v2\/pages"}],"about":[{"href":"https:\/\/corinaele.com\/en\/wp-json\/wp\/v2\/types\/page"}],"author":[{"embeddable":true,"href":"https:\/\/corinaele.com\/en\/wp-json\/wp\/v2\/users\/1"}],"replies":[{"embeddable":true,"href":"https:\/\/corinaele.com\/en\/wp-json\/wp\/v2\/comments?post=261238"}],"version-history":[{"count":3,"href":"https:\/\/corinaele.com\/en\/wp-json\/wp\/v2\/pages\/261238\/revisions"}],"predecessor-version":[{"id":261366,"href":"https:\/\/corinaele.com\/en\/wp-json\/wp\/v2\/pages\/261238\/revisions\/261366"}],"wp:attachment":[{"href":"https:\/\/corinaele.com\/en\/wp-json\/wp\/v2\/media?parent=261238"}],"curies":[{"name":"wp","href":"https:\/\/api.w.org\/{rel}","templated":true}]}}